{"id":152,"date":"2025-04-17T05:44:34","date_gmt":"2025-04-17T03:44:34","guid":{"rendered":"http:\/\/reyneblina.com\/?page_id=152"},"modified":"2025-05-28T22:47:36","modified_gmt":"2025-05-28T20:47:36","slug":"talleres","status":"publish","type":"page","link":"https:\/\/reyneblina.com\/?page_id=152","title":{"rendered":"Talleres"},"content":{"rendered":"\t\t<div data-elementor-type=\"wp-page\" data-elementor-id=\"152\" class=\"elementor elementor-152\">\n\t\t\t\t<div class=\"elementor-element elementor-element-1147573 e-flex e-con-boxed e-con e-parent\" data-id=\"1147573\" data-element_type=\"container\" data-e-type=\"container\">\n\t\t\t\t\t<div class=\"e-con-inner\">\n\t\t<div class=\"elementor-element elementor-element-74199cf e-con-full e-flex e-con e-child\" data-id=\"74199cf\" data-element_type=\"container\" data-e-type=\"container\">\n\t\t\t\t<div class=\"elementor-element elementor-element-46c45c4 elementor-widget elementor-widget-heading\" data-id=\"46c45c4\" data-element_type=\"widget\" data-e-type=\"widget\" data-widget_type=\"heading.default\">\n\t\t\t\t<div class=\"elementor-widget-container\">\n\t\t\t\t\t<h2 class=\"elementor-heading-title elementor-size-default\">Talleres<\/h2>\t\t\t\t<\/div>\n\t\t\t\t<\/div>\n\t\t\t\t<\/div>\n\t\t\t\t\t<\/div>\n\t\t\t\t<\/div>\n\t\t<div class=\"elementor-element elementor-element-5d1f457 e-flex e-con-boxed e-con e-parent\" data-id=\"5d1f457\" data-element_type=\"container\" data-e-type=\"container\">\n\t\t\t\t\t<div class=\"e-con-inner\">\n\t\t<div class=\"elementor-element elementor-element-4843bd6 e-con-full e-flex e-con e-child\" data-id=\"4843bd6\" data-element_type=\"container\" data-e-type=\"container\">\n\t\t<div class=\"elementor-element elementor-element-c0f841a e-con-full e-flex e-con e-child\" data-id=\"c0f841a\" data-element_type=\"container\" data-e-type=\"container\">\n\t\t\t\t<div class=\"elementor-element elementor-element-13631b3 elementor-widget elementor-widget-text-editor\" data-id=\"13631b3\" data-element_type=\"widget\" data-e-type=\"widget\" data-widget_type=\"text-editor.default\">\n\t\t\t\t<div class=\"elementor-widget-container\">\n\t\t\t\t\t\t\t\t\t<p data-start=\"150\" data-end=\"512\">Nuestros talleres son espacios de pr\u00e1ctica, juego y exploraci\u00f3n. Los pensamos como <b>laboratorios abiertos <\/b>donde compartir <b>herramientas <\/b>vinculadas a la <b>gr\u00e1fica, la narrativa visual y los procesos editoriales. <\/b>No se trata solo de ense\u00f1ar t\u00e9cnicas, sino de acompa\u00f1ar b\u00fasquedas personales y colectivas, activar preguntas y encontrar formas propias de decir y dibujar.<\/p><p data-start=\"514\" data-end=\"886\">Invitamos a artistas y editorxs a facilitar estos encuentros, siempre desde una mirada cercana y horizontal. A veces los talleres derivan en publicaciones, otras en fanzines, otras en ideas que se quedan germinando.\u00a0<\/p><p data-start=\"514\" data-end=\"886\">Lo importante es el tiempo compartido, el hacer con otrxs, y la posibilidad de descubrir que la edici\u00f3n tambi\u00e9n puede ser una forma de pensar con las manos.<\/p>\t\t\t\t\t\t\t\t<\/div>\n\t\t\t\t<\/div>\n\t\t\t\t<\/div>\n\t\t<div class=\"elementor-element elementor-element-7951c4c e-con-full e-flex e-con e-child\" data-id=\"7951c4c\" data-element_type=\"container\" data-e-type=\"container\">\n\t\t\t\t<div class=\"elementor-element elementor-element-3f3105d elementor-widget elementor-widget-image\" data-id=\"3f3105d\" data-element_type=\"widget\" data-e-type=\"widget\" data-widget_type=\"image.default\">\n\t\t\t\t<div class=\"elementor-widget-container\">\n\t\t\t\t\t\t\t\t\t\t\t\t\t\t\t<img fetchpriority=\"high\" decoding=\"async\" width=\"683\" height=\"1024\" src=\"https:\/\/reyneblina.com\/wp-content\/uploads\/2025\/05\/taller-683x1024.jpg\" class=\"attachment-large size-large wp-image-575\" alt=\"\" srcset=\"https:\/\/reyneblina.com\/wp-content\/uploads\/2025\/05\/taller-683x1024.jpg 683w, https:\/\/reyneblina.com\/wp-content\/uploads\/2025\/05\/taller-200x300.jpg 200w, https:\/\/reyneblina.com\/wp-content\/uploads\/2025\/05\/taller-768x1152.jpg 768w, https:\/\/reyneblina.com\/wp-content\/uploads\/2025\/05\/taller-1024x1536.jpg 1024w, https:\/\/reyneblina.com\/wp-content\/uploads\/2025\/05\/taller-1365x2048.jpg 1365w, https:\/\/reyneblina.com\/wp-content\/uploads\/2025\/05\/taller-scaled.jpg 1707w\" sizes=\"(max-width: 683px) 100vw, 683px\" \/>\t\t\t\t\t\t\t\t\t\t\t\t\t\t\t<\/div>\n\t\t\t\t<\/div>\n\t\t\t\t<div class=\"elementor-element elementor-element-3073b10 elementor-widget elementor-widget-image\" data-id=\"3073b10\" data-element_type=\"widget\" data-e-type=\"widget\" data-widget_type=\"image.default\">\n\t\t\t\t<div class=\"elementor-widget-container\">\n\t\t\t\t\t\t\t\t\t\t\t\t\t\t\t<img decoding=\"async\" width=\"683\" height=\"1024\" src=\"https:\/\/reyneblina.com\/wp-content\/uploads\/2025\/05\/retrato-1-683x1024.jpg\" class=\"attachment-large size-large wp-image-587\" alt=\"\" srcset=\"https:\/\/reyneblina.com\/wp-content\/uploads\/2025\/05\/retrato-1-683x1024.jpg 683w, https:\/\/reyneblina.com\/wp-content\/uploads\/2025\/05\/retrato-1-200x300.jpg 200w, https:\/\/reyneblina.com\/wp-content\/uploads\/2025\/05\/retrato-1-768x1152.jpg 768w, https:\/\/reyneblina.com\/wp-content\/uploads\/2025\/05\/retrato-1-1024x1536.jpg 1024w, https:\/\/reyneblina.com\/wp-content\/uploads\/2025\/05\/retrato-1-1365x2048.jpg 1365w, https:\/\/reyneblina.com\/wp-content\/uploads\/2025\/05\/retrato-1-scaled.jpg 1707w\" sizes=\"(max-width: 683px) 100vw, 683px\" \/>\t\t\t\t\t\t\t\t\t\t\t\t\t\t\t<\/div>\n\t\t\t\t<\/div>\n\t\t\t\t<\/div>\n\t\t\t\t<\/div>\n\t\t<div class=\"elementor-element elementor-element-350315c e-con-full e-flex e-con e-child\" data-id=\"350315c\" data-element_type=\"container\" data-e-type=\"container\">\n\t\t\t\t<div class=\"elementor-element elementor-element-e1f40b8 elementor-widget elementor-widget-image\" data-id=\"e1f40b8\" data-element_type=\"widget\" data-e-type=\"widget\" data-widget_type=\"image.default\">\n\t\t\t\t<div class=\"elementor-widget-container\">\n\t\t\t\t\t\t\t\t\t\t\t\t\t\t\t<img decoding=\"async\" width=\"800\" height=\"370\" src=\"https:\/\/reyneblina.com\/wp-content\/uploads\/2025\/05\/WhatsApp-Image-2023-12-14-at-10.53.25-1024x474.jpeg\" class=\"attachment-large size-large wp-image-577\" alt=\"\" srcset=\"https:\/\/reyneblina.com\/wp-content\/uploads\/2025\/05\/WhatsApp-Image-2023-12-14-at-10.53.25-1024x474.jpeg 1024w, https:\/\/reyneblina.com\/wp-content\/uploads\/2025\/05\/WhatsApp-Image-2023-12-14-at-10.53.25-300x139.jpeg 300w, https:\/\/reyneblina.com\/wp-content\/uploads\/2025\/05\/WhatsApp-Image-2023-12-14-at-10.53.25-768x355.jpeg 768w, https:\/\/reyneblina.com\/wp-content\/uploads\/2025\/05\/WhatsApp-Image-2023-12-14-at-10.53.25-1536x710.jpeg 1536w, https:\/\/reyneblina.com\/wp-content\/uploads\/2025\/05\/WhatsApp-Image-2023-12-14-at-10.53.25.jpeg 1600w\" sizes=\"(max-width: 800px) 100vw, 800px\" \/>\t\t\t\t\t\t\t\t\t\t\t\t\t\t\t<\/div>\n\t\t\t\t<\/div>\n\t\t<div class=\"elementor-element elementor-element-c58aae3 e-grid e-con-full e-con e-child\" data-id=\"c58aae3\" data-element_type=\"container\" data-e-type=\"container\">\n\t\t\t\t<div class=\"elementor-element elementor-element-55ecd37 elementor-widget elementor-widget-image\" data-id=\"55ecd37\" data-element_type=\"widget\" data-e-type=\"widget\" data-widget_type=\"image.default\">\n\t\t\t\t<div class=\"elementor-widget-container\">\n\t\t\t\t\t\t\t\t\t\t\t\t\t\t\t<img loading=\"lazy\" decoding=\"async\" width=\"768\" height=\"1024\" src=\"https:\/\/reyneblina.com\/wp-content\/uploads\/2025\/05\/365EC90A-5CC6-43B8-918C-3DCB4EF4EAB5_1_102_o-768x1024.jpeg\" class=\"attachment-large size-large wp-image-579\" alt=\"\" srcset=\"https:\/\/reyneblina.com\/wp-content\/uploads\/2025\/05\/365EC90A-5CC6-43B8-918C-3DCB4EF4EAB5_1_102_o-768x1024.jpeg 768w, https:\/\/reyneblina.com\/wp-content\/uploads\/2025\/05\/365EC90A-5CC6-43B8-918C-3DCB4EF4EAB5_1_102_o-225x300.jpeg 225w, https:\/\/reyneblina.com\/wp-content\/uploads\/2025\/05\/365EC90A-5CC6-43B8-918C-3DCB4EF4EAB5_1_102_o-1152x1536.jpeg 1152w, https:\/\/reyneblina.com\/wp-content\/uploads\/2025\/05\/365EC90A-5CC6-43B8-918C-3DCB4EF4EAB5_1_102_o.jpeg 1536w\" sizes=\"(max-width: 768px) 100vw, 768px\" \/>\t\t\t\t\t\t\t\t\t\t\t\t\t\t\t<\/div>\n\t\t\t\t<\/div>\n\t\t\t\t<div class=\"elementor-element elementor-element-d7973a8 elementor-widget elementor-widget-image\" data-id=\"d7973a8\" data-element_type=\"widget\" data-e-type=\"widget\" data-widget_type=\"image.default\">\n\t\t\t\t<div class=\"elementor-widget-container\">\n\t\t\t\t\t\t\t\t\t\t\t\t\t\t\t<img loading=\"lazy\" decoding=\"async\" width=\"665\" height=\"1024\" src=\"https:\/\/reyneblina.com\/wp-content\/uploads\/2025\/05\/WhatsApp-Image-2023-12-14-at-10.53.41-e1748465148443-665x1024.jpeg\" class=\"attachment-large size-large wp-image-578\" alt=\"\" srcset=\"https:\/\/reyneblina.com\/wp-content\/uploads\/2025\/05\/WhatsApp-Image-2023-12-14-at-10.53.41-e1748465148443-665x1024.jpeg 665w, https:\/\/reyneblina.com\/wp-content\/uploads\/2025\/05\/WhatsApp-Image-2023-12-14-at-10.53.41-e1748465148443-195x300.jpeg 195w, https:\/\/reyneblina.com\/wp-content\/uploads\/2025\/05\/WhatsApp-Image-2023-12-14-at-10.53.41-e1748465148443.jpeg 738w\" sizes=\"(max-width: 665px) 100vw, 665px\" \/>\t\t\t\t\t\t\t\t\t\t\t\t\t\t\t<\/div>\n\t\t\t\t<\/div>\n\t\t\t\t<\/div>\n\t\t\t\t<div class=\"elementor-element elementor-element-956f027 elementor-widget elementor-widget-image\" data-id=\"956f027\" data-element_type=\"widget\" data-e-type=\"widget\" data-widget_type=\"image.default\">\n\t\t\t\t<div class=\"elementor-widget-container\">\n\t\t\t\t\t\t\t\t\t\t\t\t\t\t\t<img loading=\"lazy\" decoding=\"async\" width=\"683\" height=\"1024\" src=\"https:\/\/reyneblina.com\/wp-content\/uploads\/2025\/05\/taller-2-683x1024.jpg\" class=\"attachment-large size-large wp-image-576\" alt=\"\" srcset=\"https:\/\/reyneblina.com\/wp-content\/uploads\/2025\/05\/taller-2-683x1024.jpg 683w, https:\/\/reyneblina.com\/wp-content\/uploads\/2025\/05\/taller-2-200x300.jpg 200w, https:\/\/reyneblina.com\/wp-content\/uploads\/2025\/05\/taller-2-768x1152.jpg 768w, https:\/\/reyneblina.com\/wp-content\/uploads\/2025\/05\/taller-2-1024x1536.jpg 1024w, https:\/\/reyneblina.com\/wp-content\/uploads\/2025\/05\/taller-2-1365x2048.jpg 1365w, https:\/\/reyneblina.com\/wp-content\/uploads\/2025\/05\/taller-2-scaled.jpg 1707w\" sizes=\"(max-width: 683px) 100vw, 683px\" \/>\t\t\t\t\t\t\t\t\t\t\t\t\t\t\t<\/div>\n\t\t\t\t<\/div>\n\t\t\t\t<\/div>\n\t\t\t\t\t<\/div>\n\t\t\t\t<\/div>\n\t\t<div class=\"elementor-element elementor-element-84d22bb e-flex e-con-boxed e-con e-parent\" data-id=\"84d22bb\" data-element_type=\"container\" data-e-type=\"container\">\n\t\t\t\t\t<div class=\"e-con-inner\">\n\t\t\t\t<div class=\"elementor-element elementor-element-874cf1e elementor-widget elementor-widget-image\" data-id=\"874cf1e\" data-element_type=\"widget\" data-e-type=\"widget\" data-widget_type=\"image.default\">\n\t\t\t\t<div class=\"elementor-widget-container\">\n\t\t\t\t\t\t\t\t\t\t\t\t\t\t\t<img loading=\"lazy\" decoding=\"async\" width=\"800\" height=\"1006\" src=\"https:\/\/reyneblina.com\/wp-content\/uploads\/2025\/05\/Talleres_afiches-13-e1748465239542-814x1024.png\" class=\"attachment-large size-large wp-image-588\" alt=\"\" srcset=\"https:\/\/reyneblina.com\/wp-content\/uploads\/2025\/05\/Talleres_afiches-13-e1748465239542-814x1024.png 814w, https:\/\/reyneblina.com\/wp-content\/uploads\/2025\/05\/Talleres_afiches-13-e1748465239542-239x300.png 239w, https:\/\/reyneblina.com\/wp-content\/uploads\/2025\/05\/Talleres_afiches-13-e1748465239542-768x966.png 768w, https:\/\/reyneblina.com\/wp-content\/uploads\/2025\/05\/Talleres_afiches-13-e1748465239542-1221x1536.png 1221w, https:\/\/reyneblina.com\/wp-content\/uploads\/2025\/05\/Talleres_afiches-13-e1748465239542.png 1276w\" sizes=\"(max-width: 800px) 100vw, 800px\" \/>\t\t\t\t\t\t\t\t\t\t\t\t\t\t\t<\/div>\n\t\t\t\t<\/div>\n\t\t\t\t\t<\/div>\n\t\t\t\t<\/div>\n\t\t\t\t<\/div>\n\t\t","protected":false},"excerpt":{"rendered":"<p>Talleres Nuestros talleres son espacios de pr\u00e1ctica, juego y exploraci\u00f3n. Los pensamos como laboratorios abiertos donde compartir herramientas vinculadas a la gr\u00e1fica, la narrativa visual y los procesos editoriales. No se trata solo de ense\u00f1ar t\u00e9cnicas, sino de acompa\u00f1ar b\u00fasquedas personales y colectivas, activar preguntas y encontrar formas propias de decir y dibujar. Invitamos a [&hellip;]<\/p>\n","protected":false},"author":1,"featured_media":0,"parent":0,"menu_order":0,"comment_status":"closed","ping_status":"closed","template":"","meta":{"_uag_custom_page_level_css":"","footnotes":""},"class_list":["post-152","page","type-page","status-publish","hentry"],"uagb_featured_image_src":{"full":false,"thumbnail":false,"medium":false,"medium_large":false,"large":false,"1536x1536":false,"2048x2048":false},"uagb_author_info":{"display_name":"admin","author_link":"https:\/\/reyneblina.com\/?author=1"},"uagb_comment_info":0,"uagb_excerpt":"Talleres Nuestros talleres son espacios de pr\u00e1ctica, juego y exploraci\u00f3n. Los pensamos como laboratorios abiertos donde compartir herramientas vinculadas a la gr\u00e1fica, la narrativa visual y los procesos editoriales. No se trata solo de ense\u00f1ar t\u00e9cnicas, sino de acompa\u00f1ar b\u00fasquedas personales y colectivas, activar preguntas y encontrar formas propias de decir y dibujar. Invitamos a&hellip;","_links":{"self":[{"href":"https:\/\/reyneblina.com\/index.php?rest_route=\/wp\/v2\/pages\/152","targetHints":{"allow":["GET"]}}],"collection":[{"href":"https:\/\/reyneblina.com\/index.php?rest_route=\/wp\/v2\/pages"}],"about":[{"href":"https:\/\/reyneblina.com\/index.php?rest_route=\/wp\/v2\/types\/page"}],"author":[{"embeddable":true,"href":"https:\/\/reyneblina.com\/index.php?rest_route=\/wp\/v2\/users\/1"}],"replies":[{"embeddable":true,"href":"https:\/\/reyneblina.com\/index.php?rest_route=%2Fwp%2Fv2%2Fcomments&post=152"}],"version-history":[{"count":16,"href":"https:\/\/reyneblina.com\/index.php?rest_route=\/wp\/v2\/pages\/152\/revisions"}],"predecessor-version":[{"id":591,"href":"https:\/\/reyneblina.com\/index.php?rest_route=\/wp\/v2\/pages\/152\/revisions\/591"}],"wp:attachment":[{"href":"https:\/\/reyneblina.com\/index.php?rest_route=%2Fwp%2Fv2%2Fmedia&parent=152"}],"curies":[{"name":"wp","href":"https:\/\/api.w.org\/{rel}","templated":true}]}}