{"id":157,"date":"2025-04-17T05:44:31","date_gmt":"2025-04-17T03:44:31","guid":{"rendered":"http:\/\/reyneblina.com\/?page_id=157"},"modified":"2025-05-30T16:45:04","modified_gmt":"2025-05-30T14:45:04","slug":"exposiciones-conversatorios","status":"publish","type":"page","link":"https:\/\/reyneblina.com\/?page_id=157","title":{"rendered":"Exposiciones &#038; Conversatorios"},"content":{"rendered":"\t\t<div data-elementor-type=\"wp-page\" data-elementor-id=\"157\" class=\"elementor elementor-157\">\n\t\t\t\t<div class=\"elementor-element elementor-element-f6ee282 e-flex e-con-boxed e-con e-parent\" data-id=\"f6ee282\" data-element_type=\"container\" data-e-type=\"container\">\n\t\t\t\t\t<div class=\"e-con-inner\">\n\t\t<div class=\"elementor-element elementor-element-2ebad28 e-con-full e-flex e-con e-child\" data-id=\"2ebad28\" data-element_type=\"container\" data-e-type=\"container\">\n\t\t\t\t<div class=\"elementor-element elementor-element-9c002e8 elementor-widget elementor-widget-heading\" data-id=\"9c002e8\" data-element_type=\"widget\" data-e-type=\"widget\" data-widget_type=\"heading.default\">\n\t\t\t\t<div class=\"elementor-widget-container\">\n\t\t\t\t\t<h2 class=\"elementor-heading-title elementor-size-default\">Exposiciones &amp; Conversatorios<\/h2>\t\t\t\t<\/div>\n\t\t\t\t<\/div>\n\t\t\t\t<\/div>\n\t\t\t\t\t<\/div>\n\t\t\t\t<\/div>\n\t\t<div class=\"elementor-element elementor-element-4b41cd2 e-flex e-con-boxed e-con e-parent\" data-id=\"4b41cd2\" data-element_type=\"container\" data-e-type=\"container\">\n\t\t\t\t\t<div class=\"e-con-inner\">\n\t\t<div class=\"elementor-element elementor-element-e3baf9d e-con-full e-flex e-con e-child\" data-id=\"e3baf9d\" data-element_type=\"container\" data-e-type=\"container\">\n\t\t<div class=\"elementor-element elementor-element-53daadf e-con-full e-flex e-con e-child\" data-id=\"53daadf\" data-element_type=\"container\" data-e-type=\"container\">\n\t\t\t\t<div class=\"elementor-element elementor-element-f422a48 elementor-widget elementor-widget-text-editor\" data-id=\"f422a48\" data-element_type=\"widget\" data-e-type=\"widget\" data-widget_type=\"text-editor.default\">\n\t\t\t\t<div class=\"elementor-widget-container\">\n\t\t\t\t\t\t\t\t\t<p data-start=\"170\" data-end=\"634\">Nos gusta pensar en<b> las exposiciones en espacios de galer\u00eda\u00a0<\/b>como lugares donde los proyectos editoriales se desbordan. Curamos muestras que exploran los cruces entre la gr\u00e1fica, la narrativa y los procesos editoriales, dando lugar a formas h\u00edbridas que exploran formas de mostrar narrativas y pr\u00e1cticas\u00a0 de creaci\u00f3n. En cada una buscamos abrir preguntas sobre c\u00f3mo se construyen las im\u00e1genes, c\u00f3mo se cuentan las historias y qu\u00e9 pasa cuando el lenguaje editorial sale del papel para habitar otros formatos.<\/p><p data-start=\"170\" data-end=\"634\">M\u00e1s que exhibir resultados, nuestras exposiciones dan cuenta de procesos:<b> la edici\u00f3n como forma de pensamiento<\/b>. Son intentos de entrar en di\u00e1logo con lo que normalmente queda oculto detr\u00e1s de una publicaci\u00f3n.<\/p><p data-start=\"931\" data-end=\"1267\"><b>Los conversatorios<\/b> que organizamos son excusas para hablar con quienes tambi\u00e9n est\u00e1n pensando, dibujando y editando desde nuestro contexto. Invitamos a artistxs, editorxs y creadorxs que trabajan en el mundo de la narrativa gr\u00e1fica o que incorporan herramientas de la edici\u00f3n y la gr\u00e1fica en sus pr\u00e1cticas de arte contempor\u00e1neo.<\/p><p data-start=\"931\" data-end=\"1267\">Nos interesan las conversaciones abiertas, donde se comparten <b>dudas, procesos, referencias y formas de hacer<\/b>. Estos encuentros nos permiten construir comunidad, aprender de otrxs y seguir ensanchando las posibilidades de lo editorial como lenguaje, como territorio y como gesto colectivo.<\/p>\t\t\t\t\t\t\t\t<\/div>\n\t\t\t\t<\/div>\n\t\t\t\t<\/div>\n\t\t\t\t<\/div>\n\t\t<div class=\"elementor-element elementor-element-accf841 e-con-full e-flex e-con e-child\" data-id=\"accf841\" data-element_type=\"container\" data-e-type=\"container\">\n\t\t\t\t<div class=\"elementor-element elementor-element-01123ab elementor-widget elementor-widget-image\" data-id=\"01123ab\" data-element_type=\"widget\" data-e-type=\"widget\" data-widget_type=\"image.default\">\n\t\t\t\t<div class=\"elementor-widget-container\">\n\t\t\t\t\t\t\t\t\t\t\t\t\t\t\t<img fetchpriority=\"high\" decoding=\"async\" width=\"800\" height=\"534\" src=\"https:\/\/reyneblina.com\/wp-content\/uploads\/2025\/04\/general-1024x683.jpg\" class=\"attachment-large size-large wp-image-199\" alt=\"\" srcset=\"https:\/\/reyneblina.com\/wp-content\/uploads\/2025\/04\/general-1024x683.jpg 1024w, https:\/\/reyneblina.com\/wp-content\/uploads\/2025\/04\/general-300x200.jpg 300w, https:\/\/reyneblina.com\/wp-content\/uploads\/2025\/04\/general-768x512.jpg 768w, https:\/\/reyneblina.com\/wp-content\/uploads\/2025\/04\/general-1536x1024.jpg 1536w, https:\/\/reyneblina.com\/wp-content\/uploads\/2025\/04\/general-2048x1365.jpg 2048w\" sizes=\"(max-width: 800px) 100vw, 800px\" \/>\t\t\t\t\t\t\t\t\t\t\t\t\t\t\t<\/div>\n\t\t\t\t<\/div>\n\t\t\t\t<div class=\"elementor-element elementor-element-f5265a5 elementor-widget elementor-widget-image\" data-id=\"f5265a5\" data-element_type=\"widget\" data-e-type=\"widget\" data-widget_type=\"image.default\">\n\t\t\t\t<div class=\"elementor-widget-container\">\n\t\t\t\t\t\t\t\t\t\t\t\t\t\t\t<img decoding=\"async\" width=\"684\" height=\"684\" src=\"https:\/\/reyneblina.com\/wp-content\/uploads\/2025\/05\/32145229_1166696740138875_3645228023600381952_n.jpeg\" class=\"attachment-large size-large wp-image-536\" alt=\"\" srcset=\"https:\/\/reyneblina.com\/wp-content\/uploads\/2025\/05\/32145229_1166696740138875_3645228023600381952_n.jpeg 684w, https:\/\/reyneblina.com\/wp-content\/uploads\/2025\/05\/32145229_1166696740138875_3645228023600381952_n-300x300.jpeg 300w, https:\/\/reyneblina.com\/wp-content\/uploads\/2025\/05\/32145229_1166696740138875_3645228023600381952_n-150x150.jpeg 150w\" sizes=\"(max-width: 684px) 100vw, 684px\" \/>\t\t\t\t\t\t\t\t\t\t\t\t\t\t\t<\/div>\n\t\t\t\t<\/div>\n\t\t\t\t<\/div>\n\t\t\t\t\t<\/div>\n\t\t\t\t<\/div>\n\t\t<div class=\"elementor-element elementor-element-ba94e52 e-grid e-con-boxed e-con e-parent\" data-id=\"ba94e52\" data-element_type=\"container\" data-e-type=\"container\">\n\t\t\t\t\t<div class=\"e-con-inner\">\n\t\t<div class=\"elementor-element elementor-element-73416dc e-con-full e-flex e-con e-child\" data-id=\"73416dc\" data-element_type=\"container\" data-e-type=\"container\">\n\t\t\t\t<div class=\"elementor-element elementor-element-04b44f9 elementor-widget__width-initial elementor-widget elementor-widget-heading\" data-id=\"04b44f9\" data-element_type=\"widget\" data-e-type=\"widget\" data-widget_type=\"heading.default\">\n\t\t\t\t<div class=\"elementor-widget-container\">\n\t\t\t\t\t<h1 class=\"elementor-heading-title elementor-size-default\">Exposiciones<\/h1>\t\t\t\t<\/div>\n\t\t\t\t<\/div>\n\t\t\t\t<div class=\"elementor-element elementor-element-87cbcfe elementor-widget__width-initial elementor-widget elementor-widget-text-editor\" data-id=\"87cbcfe\" data-element_type=\"widget\" data-e-type=\"widget\" data-widget_type=\"text-editor.default\">\n\t\t\t\t<div class=\"elementor-widget-container\">\n\t\t\t\t\t\t\t\t\t<p>Las principales exposiciones que hemos armado desde nuestro espacio y con participaci\u00f3n de artistas relacionados a\u00a0 nuestro colectivo editorial:\u00a0<\/p><p><b>No hay flor sin podrido<\/b> &#8211; Galer\u00eda No Lugar-Quito- 2015<\/p><p><b>Rey Neblina <\/b>&#8211; Arcadia Mediatica- Lima &#8211; 2018<\/p><p><b>Supercopia <\/b>&#8211; Centro Cultural PUCE- Quito- 2019<\/p><p><b>ZZZ <\/b>&#8211; Galer\u00eda Buenaventura &#8211; Quito- 2023<\/p>\t\t\t\t\t\t\t\t<\/div>\n\t\t\t\t<\/div>\n\t\t\t\t<\/div>\n\t\t\t\t<div class=\"elementor-element elementor-element-d924971 elementor-widget elementor-widget-image\" data-id=\"d924971\" data-element_type=\"widget\" data-e-type=\"widget\" data-widget_type=\"image.default\">\n\t\t\t\t<div class=\"elementor-widget-container\">\n\t\t\t\t\t\t\t\t\t\t\t\t\t\t\t<img decoding=\"async\" width=\"800\" height=\"529\" src=\"https:\/\/reyneblina.com\/wp-content\/uploads\/2025\/05\/66072548_675192872988278_3030923511293018112_n.jpg\" class=\"attachment-large size-large wp-image-598\" alt=\"\" srcset=\"https:\/\/reyneblina.com\/wp-content\/uploads\/2025\/05\/66072548_675192872988278_3030923511293018112_n.jpg 960w, https:\/\/reyneblina.com\/wp-content\/uploads\/2025\/05\/66072548_675192872988278_3030923511293018112_n-300x198.jpg 300w, https:\/\/reyneblina.com\/wp-content\/uploads\/2025\/05\/66072548_675192872988278_3030923511293018112_n-768x508.jpg 768w\" sizes=\"(max-width: 800px) 100vw, 800px\" \/>\t\t\t\t\t\t\t\t\t\t\t\t\t\t\t<\/div>\n\t\t\t\t<\/div>\n\t\t\t\t<div class=\"elementor-element elementor-element-d3633be elementor-widget elementor-widget-image\" data-id=\"d3633be\" data-element_type=\"widget\" data-e-type=\"widget\" data-widget_type=\"image.default\">\n\t\t\t\t<div class=\"elementor-widget-container\">\n\t\t\t\t\t\t\t\t\t\t\t\t\t\t\t<img loading=\"lazy\" decoding=\"async\" width=\"800\" height=\"530\" src=\"https:\/\/reyneblina.com\/wp-content\/uploads\/2025\/05\/62338356_675193039654928_1632428850581340160_n.jpg\" class=\"attachment-large size-large wp-image-594\" alt=\"\" srcset=\"https:\/\/reyneblina.com\/wp-content\/uploads\/2025\/05\/62338356_675193039654928_1632428850581340160_n.jpg 960w, https:\/\/reyneblina.com\/wp-content\/uploads\/2025\/05\/62338356_675193039654928_1632428850581340160_n-300x199.jpg 300w, https:\/\/reyneblina.com\/wp-content\/uploads\/2025\/05\/62338356_675193039654928_1632428850581340160_n-768x509.jpg 768w\" sizes=\"(max-width: 800px) 100vw, 800px\" \/>\t\t\t\t\t\t\t\t\t\t\t\t\t\t\t<\/div>\n\t\t\t\t<\/div>\n\t\t\t\t<div class=\"elementor-element elementor-element-eb673b1 elementor-widget elementor-widget-image\" data-id=\"eb673b1\" data-element_type=\"widget\" data-e-type=\"widget\" data-widget_type=\"image.default\">\n\t\t\t\t<div class=\"elementor-widget-container\">\n\t\t\t\t\t\t\t\t\t\t\t\t\t\t\t<img loading=\"lazy\" decoding=\"async\" width=\"612\" height=\"342\" src=\"https:\/\/reyneblina.com\/wp-content\/uploads\/2025\/05\/54bfd3813e2cf.jpg\" class=\"attachment-large size-large wp-image-545\" alt=\"\" srcset=\"https:\/\/reyneblina.com\/wp-content\/uploads\/2025\/05\/54bfd3813e2cf.jpg 612w, https:\/\/reyneblina.com\/wp-content\/uploads\/2025\/05\/54bfd3813e2cf-300x168.jpg 300w\" sizes=\"(max-width: 612px) 100vw, 612px\" \/>\t\t\t\t\t\t\t\t\t\t\t\t\t\t\t<\/div>\n\t\t\t\t<\/div>\n\t\t\t\t\t<\/div>\n\t\t\t\t<\/div>\n\t\t<div class=\"elementor-element elementor-element-7db8c80 e-flex e-con-boxed e-con e-parent\" data-id=\"7db8c80\" data-element_type=\"container\" data-e-type=\"container\">\n\t\t\t\t\t<div class=\"e-con-inner\">\n\t\t<div class=\"elementor-element elementor-element-c588f9c e-con-full e-flex e-con e-child\" data-id=\"c588f9c\" data-element_type=\"container\" data-e-type=\"container\">\n\t\t\t\t<div class=\"elementor-element elementor-element-7bbcb18 elementor-widget elementor-widget-heading\" data-id=\"7bbcb18\" data-element_type=\"widget\" data-e-type=\"widget\" data-widget_type=\"heading.default\">\n\t\t\t\t<div class=\"elementor-widget-container\">\n\t\t\t\t\t<h1 class=\"elementor-heading-title elementor-size-default\">Conversatorios<\/h1>\t\t\t\t<\/div>\n\t\t\t\t<\/div>\n\t\t\t\t<\/div>\n\t\t<div class=\"elementor-element elementor-element-6c6545a e-con-full e-flex e-con e-child\" data-id=\"6c6545a\" data-element_type=\"container\" data-e-type=\"container\">\n\t\t\t\t<div class=\"elementor-element elementor-element-6c18acf elementor-widget elementor-widget-image\" data-id=\"6c18acf\" data-element_type=\"widget\" data-e-type=\"widget\" data-widget_type=\"image.default\">\n\t\t\t\t<div class=\"elementor-widget-container\">\n\t\t\t\t\t\t\t\t\t\t\t\t\t\t\t<img loading=\"lazy\" decoding=\"async\" width=\"800\" height=\"450\" src=\"https:\/\/reyneblina.com\/wp-content\/uploads\/2025\/05\/Captura-de-pantalla-2025-05-22-220601-1024x576.png\" class=\"attachment-large size-large wp-image-552\" alt=\"\" srcset=\"https:\/\/reyneblina.com\/wp-content\/uploads\/2025\/05\/Captura-de-pantalla-2025-05-22-220601-1024x576.png 1024w, https:\/\/reyneblina.com\/wp-content\/uploads\/2025\/05\/Captura-de-pantalla-2025-05-22-220601-300x169.png 300w, https:\/\/reyneblina.com\/wp-content\/uploads\/2025\/05\/Captura-de-pantalla-2025-05-22-220601-768x432.png 768w, https:\/\/reyneblina.com\/wp-content\/uploads\/2025\/05\/Captura-de-pantalla-2025-05-22-220601-1536x864.png 1536w, https:\/\/reyneblina.com\/wp-content\/uploads\/2025\/05\/Captura-de-pantalla-2025-05-22-220601-2048x1152.png 2048w\" sizes=\"(max-width: 800px) 100vw, 800px\" \/>\t\t\t\t\t\t\t\t\t\t\t\t\t\t\t<\/div>\n\t\t\t\t<\/div>\n\t\t\t\t<\/div>\n\t\t<div class=\"elementor-element elementor-element-4944609 e-con-full e-flex e-con e-child\" data-id=\"4944609\" data-element_type=\"container\" data-e-type=\"container\">\n\t\t\t\t<div class=\"elementor-element elementor-element-1adb7e7 elementor-widget elementor-widget-image\" data-id=\"1adb7e7\" data-element_type=\"widget\" data-e-type=\"widget\" data-widget_type=\"image.default\">\n\t\t\t\t<div class=\"elementor-widget-container\">\n\t\t\t\t\t\t\t\t\t\t\t\t\t\t\t<img loading=\"lazy\" decoding=\"async\" width=\"800\" height=\"445\" src=\"https:\/\/reyneblina.com\/wp-content\/uploads\/2025\/05\/WhatsApp-Image-2023-11-11-at-15.40.56-2-1024x569.jpeg\" class=\"attachment-large size-large wp-image-551\" alt=\"\" srcset=\"https:\/\/reyneblina.com\/wp-content\/uploads\/2025\/05\/WhatsApp-Image-2023-11-11-at-15.40.56-2-1024x569.jpeg 1024w, https:\/\/reyneblina.com\/wp-content\/uploads\/2025\/05\/WhatsApp-Image-2023-11-11-at-15.40.56-2-300x167.jpeg 300w, https:\/\/reyneblina.com\/wp-content\/uploads\/2025\/05\/WhatsApp-Image-2023-11-11-at-15.40.56-2-768x427.jpeg 768w, https:\/\/reyneblina.com\/wp-content\/uploads\/2025\/05\/WhatsApp-Image-2023-11-11-at-15.40.56-2-1536x853.jpeg 1536w, https:\/\/reyneblina.com\/wp-content\/uploads\/2025\/05\/WhatsApp-Image-2023-11-11-at-15.40.56-2.jpeg 1600w\" sizes=\"(max-width: 800px) 100vw, 800px\" \/>\t\t\t\t\t\t\t\t\t\t\t\t\t\t\t<\/div>\n\t\t\t\t<\/div>\n\t\t\t\t<\/div>\n\t\t<div class=\"elementor-element elementor-element-0d5438b e-con-full e-flex e-con e-child\" data-id=\"0d5438b\" data-element_type=\"container\" data-e-type=\"container\">\n\t\t\t\t<div class=\"elementor-element elementor-element-c22d36a elementor-widget elementor-widget-image\" data-id=\"c22d36a\" data-element_type=\"widget\" data-e-type=\"widget\" data-widget_type=\"image.default\">\n\t\t\t\t<div class=\"elementor-widget-container\">\n\t\t\t\t\t\t\t\t\t\t\t\t\t\t\t<img loading=\"lazy\" decoding=\"async\" width=\"768\" height=\"1024\" src=\"https:\/\/reyneblina.com\/wp-content\/uploads\/2025\/05\/IMG-20230419-WA0058-768x1024.jpg\" class=\"attachment-large size-large wp-image-570\" alt=\"\" srcset=\"https:\/\/reyneblina.com\/wp-content\/uploads\/2025\/05\/IMG-20230419-WA0058-768x1024.jpg 768w, https:\/\/reyneblina.com\/wp-content\/uploads\/2025\/05\/IMG-20230419-WA0058-225x300.jpg 225w, https:\/\/reyneblina.com\/wp-content\/uploads\/2025\/05\/IMG-20230419-WA0058-1152x1536.jpg 1152w, https:\/\/reyneblina.com\/wp-content\/uploads\/2025\/05\/IMG-20230419-WA0058.jpg 1200w\" sizes=\"(max-width: 768px) 100vw, 768px\" \/>\t\t\t\t\t\t\t\t\t\t\t\t\t\t\t<\/div>\n\t\t\t\t<\/div>\n\t\t\t\t<\/div>\n\t\t<div class=\"elementor-element elementor-element-95059da e-con-full e-flex e-con e-child\" data-id=\"95059da\" data-element_type=\"container\" data-e-type=\"container\">\n\t\t\t\t<div class=\"elementor-element elementor-element-246cb7f elementor-widget elementor-widget-image\" data-id=\"246cb7f\" data-element_type=\"widget\" data-e-type=\"widget\" data-widget_type=\"image.default\">\n\t\t\t\t<div class=\"elementor-widget-container\">\n\t\t\t\t\t\t\t\t\t\t\t\t\t\t\t<img loading=\"lazy\" decoding=\"async\" width=\"800\" height=\"534\" src=\"https:\/\/reyneblina.com\/wp-content\/uploads\/2025\/05\/reunion-1024x683.jpg\" class=\"attachment-large size-large wp-image-547\" alt=\"\" srcset=\"https:\/\/reyneblina.com\/wp-content\/uploads\/2025\/05\/reunion-1024x683.jpg 1024w, https:\/\/reyneblina.com\/wp-content\/uploads\/2025\/05\/reunion-300x200.jpg 300w, https:\/\/reyneblina.com\/wp-content\/uploads\/2025\/05\/reunion-768x512.jpg 768w, https:\/\/reyneblina.com\/wp-content\/uploads\/2025\/05\/reunion-1536x1024.jpg 1536w, https:\/\/reyneblina.com\/wp-content\/uploads\/2025\/05\/reunion-2048x1365.jpg 2048w\" sizes=\"(max-width: 800px) 100vw, 800px\" \/>\t\t\t\t\t\t\t\t\t\t\t\t\t\t\t<\/div>\n\t\t\t\t<\/div>\n\t\t\t\t<\/div>\n\t\t\t\t\t<\/div>\n\t\t\t\t<\/div>\n\t\t<div class=\"elementor-element elementor-element-722ea75 e-flex e-con-boxed e-con e-parent\" data-id=\"722ea75\" data-element_type=\"container\" data-e-type=\"container\">\n\t\t\t\t\t<div class=\"e-con-inner\">\n\t\t\t\t<div class=\"elementor-element elementor-element-46bd965 elementor-widget elementor-widget-image\" data-id=\"46bd965\" data-element_type=\"widget\" data-e-type=\"widget\" data-widget_type=\"image.default\">\n\t\t\t\t<div class=\"elementor-widget-container\">\n\t\t\t\t\t\t\t\t\t\t\t\t\t\t\t<img loading=\"lazy\" decoding=\"async\" width=\"800\" height=\"1011\" src=\"https:\/\/reyneblina.com\/wp-content\/uploads\/2025\/05\/ExposConversatorios_afiches-13-11-e1748465368683-810x1024.png\" class=\"attachment-large size-large wp-image-592\" alt=\"\" srcset=\"https:\/\/reyneblina.com\/wp-content\/uploads\/2025\/05\/ExposConversatorios_afiches-13-11-e1748465368683-810x1024.png 810w, https:\/\/reyneblina.com\/wp-content\/uploads\/2025\/05\/ExposConversatorios_afiches-13-11-e1748465368683-237x300.png 237w, https:\/\/reyneblina.com\/wp-content\/uploads\/2025\/05\/ExposConversatorios_afiches-13-11-e1748465368683-768x971.png 768w, https:\/\/reyneblina.com\/wp-content\/uploads\/2025\/05\/ExposConversatorios_afiches-13-11-e1748465368683-1214x1536.png 1214w, https:\/\/reyneblina.com\/wp-content\/uploads\/2025\/05\/ExposConversatorios_afiches-13-11-e1748465368683.png 1276w\" sizes=\"(max-width: 800px) 100vw, 800px\" \/>\t\t\t\t\t\t\t\t\t\t\t\t\t\t\t<\/div>\n\t\t\t\t<\/div>\n\t\t\t\t\t<\/div>\n\t\t\t\t<\/div>\n\t\t\t\t<\/div>\n\t\t","protected":false},"excerpt":{"rendered":"<p>Exposiciones &amp; Conversatorios Nos gusta pensar en las exposiciones en espacios de galer\u00eda\u00a0como lugares donde los proyectos editoriales se desbordan. Curamos muestras que exploran los cruces entre la gr\u00e1fica, la narrativa y los procesos editoriales, dando lugar a formas h\u00edbridas que exploran formas de mostrar narrativas y pr\u00e1cticas\u00a0 de creaci\u00f3n. En cada una buscamos abrir [&hellip;]<\/p>\n","protected":false},"author":1,"featured_media":0,"parent":0,"menu_order":0,"comment_status":"closed","ping_status":"closed","template":"","meta":{"_uag_custom_page_level_css":"","footnotes":""},"class_list":["post-157","page","type-page","status-publish","hentry"],"uagb_featured_image_src":{"full":false,"thumbnail":false,"medium":false,"medium_large":false,"large":false,"1536x1536":false,"2048x2048":false},"uagb_author_info":{"display_name":"admin","author_link":"https:\/\/reyneblina.com\/?author=1"},"uagb_comment_info":0,"uagb_excerpt":"Exposiciones &amp; Conversatorios Nos gusta pensar en las exposiciones en espacios de galer\u00eda\u00a0como lugares donde los proyectos editoriales se desbordan. Curamos muestras que exploran los cruces entre la gr\u00e1fica, la narrativa y los procesos editoriales, dando lugar a formas h\u00edbridas que exploran formas de mostrar narrativas y pr\u00e1cticas\u00a0 de creaci\u00f3n. En cada una buscamos abrir&hellip;","_links":{"self":[{"href":"https:\/\/reyneblina.com\/index.php?rest_route=\/wp\/v2\/pages\/157","targetHints":{"allow":["GET"]}}],"collection":[{"href":"https:\/\/reyneblina.com\/index.php?rest_route=\/wp\/v2\/pages"}],"about":[{"href":"https:\/\/reyneblina.com\/index.php?rest_route=\/wp\/v2\/types\/page"}],"author":[{"embeddable":true,"href":"https:\/\/reyneblina.com\/index.php?rest_route=\/wp\/v2\/users\/1"}],"replies":[{"embeddable":true,"href":"https:\/\/reyneblina.com\/index.php?rest_route=%2Fwp%2Fv2%2Fcomments&post=157"}],"version-history":[{"count":22,"href":"https:\/\/reyneblina.com\/index.php?rest_route=\/wp\/v2\/pages\/157\/revisions"}],"predecessor-version":[{"id":662,"href":"https:\/\/reyneblina.com\/index.php?rest_route=\/wp\/v2\/pages\/157\/revisions\/662"}],"wp:attachment":[{"href":"https:\/\/reyneblina.com\/index.php?rest_route=%2Fwp%2Fv2%2Fmedia&parent=157"}],"curies":[{"name":"wp","href":"https:\/\/api.w.org\/{rel}","templated":true}]}}