{"id":249,"date":"2025-04-17T19:34:39","date_gmt":"2025-04-17T17:34:39","guid":{"rendered":"http:\/\/reyneblina.com\/?page_id=249"},"modified":"2025-10-27T01:58:06","modified_gmt":"2025-10-27T00:58:06","slug":"panto","status":"publish","type":"page","link":"https:\/\/reyneblina.com\/?page_id=249","title":{"rendered":"Panto"},"content":{"rendered":"\t\t<div data-elementor-type=\"wp-page\" data-elementor-id=\"249\" class=\"elementor elementor-249\">\n\t\t\t\t<div class=\"elementor-element elementor-element-f0a3052 e-flex e-con-boxed e-con e-parent\" data-id=\"f0a3052\" data-element_type=\"container\" data-e-type=\"container\">\n\t\t\t\t\t<div class=\"e-con-inner\">\n\t\t\t\t<div class=\"elementor-element elementor-element-c469676 animated-fast e-transform elementor-invisible elementor-widget elementor-widget-image\" data-id=\"c469676\" data-element_type=\"widget\" data-e-type=\"widget\" data-settings=\"{&quot;_animation&quot;:&quot;fadeInRight&quot;,&quot;_transform_rotateZ_effect_hover&quot;:{&quot;unit&quot;:&quot;px&quot;,&quot;size&quot;:-2,&quot;sizes&quot;:[]},&quot;_transform_rotateZ_effect_hover_tablet&quot;:{&quot;unit&quot;:&quot;deg&quot;,&quot;size&quot;:&quot;&quot;,&quot;sizes&quot;:[]},&quot;_transform_rotateZ_effect_hover_mobile&quot;:{&quot;unit&quot;:&quot;deg&quot;,&quot;size&quot;:&quot;&quot;,&quot;sizes&quot;:[]}}\" data-widget_type=\"image.default\">\n\t\t\t\t<div class=\"elementor-widget-container\">\n\t\t\t\t\t\t\t\t\t\t\t\t\t\t\t<img fetchpriority=\"high\" decoding=\"async\" width=\"300\" height=\"209\" src=\"https:\/\/reyneblina.com\/wp-content\/uploads\/2025\/04\/LogoPantoPng-300x209.png\" class=\"attachment-medium size-medium wp-image-245\" alt=\"\" srcset=\"https:\/\/reyneblina.com\/wp-content\/uploads\/2025\/04\/LogoPantoPng-300x209.png 300w, https:\/\/reyneblina.com\/wp-content\/uploads\/2025\/04\/LogoPantoPng-768x535.png 768w, https:\/\/reyneblina.com\/wp-content\/uploads\/2025\/04\/LogoPantoPng.png 994w\" sizes=\"(max-width: 300px) 100vw, 300px\" \/>\t\t\t\t\t\t\t\t\t\t\t\t\t\t\t<\/div>\n\t\t\t\t<\/div>\n\t\t\t\t\t<\/div>\n\t\t\t\t<\/div>\n\t\t<div class=\"elementor-element elementor-element-d4c9402 e-con-full e-flex e-con e-parent\" data-id=\"d4c9402\" data-element_type=\"container\" data-e-type=\"container\">\n\t\t\t\t<div class=\"elementor-element elementor-element-beee76e elementor-invisible elementor-widget elementor-widget-heading\" data-id=\"beee76e\" data-element_type=\"widget\" data-e-type=\"widget\" data-settings=\"{&quot;_animation&quot;:&quot;fadeInUp&quot;}\" data-widget_type=\"heading.default\">\n\t\t\t\t<div class=\"elementor-widget-container\">\n\t\t\t\t\t<h2 class=\"elementor-heading-title elementor-size-default\">Revista de historietas y ficci\u00f3n extra\u00f1a en espa\u00f1ol.<\/h2>\t\t\t\t<\/div>\n\t\t\t\t<\/div>\n\t\t\t\t<\/div>\n\t\t<div class=\"elementor-element elementor-element-dccf6e5 e-flex e-con-boxed e-con e-parent\" data-id=\"dccf6e5\" data-element_type=\"container\" data-e-type=\"container\">\n\t\t\t\t\t<div class=\"e-con-inner\">\n\t\t\t\t<div class=\"elementor-element elementor-element-769f08d elementor-invisible elementor-widget elementor-widget-text-editor\" data-id=\"769f08d\" data-element_type=\"widget\" data-e-type=\"widget\" data-settings=\"{&quot;_animation&quot;:&quot;fadeInUp&quot;}\" data-widget_type=\"text-editor.default\">\n\t\t\t\t<div class=\"elementor-widget-container\">\n\t\t\t\t\t\t\t\t\t<p><a href=\"https:\/\/drive.google.com\/file\/d\/19lC6TWCDZSqKMAomSzRKmvAvBaiHrGw7\/view?usp=sharing\">Descarga Panto 2024 en pdf aqu\u00ed!\u00a0<\/a><\/p>\t\t\t\t\t\t\t\t<\/div>\n\t\t\t\t<\/div>\n\t\t\t\t\t<\/div>\n\t\t\t\t<\/div>\n\t\t<div class=\"elementor-element elementor-element-075af91 e-flex e-con-boxed e-con e-parent\" data-id=\"075af91\" data-element_type=\"container\" data-e-type=\"container\">\n\t\t\t\t\t<div class=\"e-con-inner\">\n\t\t\t\t<div class=\"elementor-element elementor-element-3df5462 elementor-invisible elementor-widget elementor-widget-text-editor\" data-id=\"3df5462\" data-element_type=\"widget\" data-e-type=\"widget\" data-settings=\"{&quot;_animation&quot;:&quot;fadeIn&quot;}\" data-widget_type=\"text-editor.default\">\n\t\t\t\t<div class=\"elementor-widget-container\">\n\t\t\t\t\t\t\t\t\t<p>Panto es una revista, tanto impresa como digital, dedicada a recopilar, difundir y preservar el trabajo de artistas locales con obra&nbsp; enfocada en la historieta de autor y la ficci\u00f3n de g\u00e9nero. En esta web puedes encontrar cuentos e historietas seleccionadas por nuestro equipo editorial. Si te interesa adquirir la versi\u00f3n f\u00edsica de la revista, ponte en contacto con nosotros.<\/p>\t\t\t\t\t\t\t\t<\/div>\n\t\t\t\t<\/div>\n\t\t\t\t\t<\/div>\n\t\t\t\t<\/div>\n\t\t<div class=\"elementor-element elementor-element-8ddb601 e-flex e-con-boxed e-con e-parent\" data-id=\"8ddb601\" data-element_type=\"container\" data-e-type=\"container\">\n\t\t\t\t\t<div class=\"e-con-inner\">\n\t\t<div class=\"elementor-element elementor-element-9fd3fb7 e-con-full e-flex e-con e-child\" data-id=\"9fd3fb7\" data-element_type=\"container\" data-e-type=\"container\">\n\t\t\t\t<div class=\"elementor-element elementor-element-5f4362e elementor-position-top elementor-invisible elementor-widget elementor-widget-image-box\" data-id=\"5f4362e\" data-element_type=\"widget\" data-e-type=\"widget\" data-settings=\"{&quot;_animation&quot;:&quot;fadeIn&quot;}\" data-widget_type=\"image-box.default\">\n\t\t\t\t<div class=\"elementor-widget-container\">\n\t\t\t\t\t<div class=\"elementor-image-box-wrapper\"><figure class=\"elementor-image-box-img\"><a href=\"https:\/\/reyneblina.com\/?p=349\" tabindex=\"-1\"><img decoding=\"async\" width=\"722\" height=\"1024\" src=\"https:\/\/reyneblina.com\/wp-content\/uploads\/2025\/04\/ChaoFullcolor.1-722x1024.png\" class=\"elementor-animation-grow attachment-large size-large wp-image-247\" alt=\"\" srcset=\"https:\/\/reyneblina.com\/wp-content\/uploads\/2025\/04\/ChaoFullcolor.1-722x1024.png 722w, https:\/\/reyneblina.com\/wp-content\/uploads\/2025\/04\/ChaoFullcolor.1-211x300.png 211w, https:\/\/reyneblina.com\/wp-content\/uploads\/2025\/04\/ChaoFullcolor.1-768x1090.png 768w, https:\/\/reyneblina.com\/wp-content\/uploads\/2025\/04\/ChaoFullcolor.1-1083x1536.png 1083w, https:\/\/reyneblina.com\/wp-content\/uploads\/2025\/04\/ChaoFullcolor.1-1444x2048.png 1444w, https:\/\/reyneblina.com\/wp-content\/uploads\/2025\/04\/ChaoFullcolor.1.png 1748w\" sizes=\"(max-width: 722px) 100vw, 722px\" \/><\/a><\/figure><div class=\"elementor-image-box-content\"><h1 class=\"elementor-image-box-title\"><a href=\"https:\/\/reyneblina.com\/?p=349\">Chao \/ Mat\u00edas P\u00e1ez<\/a><\/h1><p class=\"elementor-image-box-description\">Una serie de entrevistas sobre el fantasma de la desped\u00edda en formato de historieta\/casa embrujada.<\/p><\/div><\/div>\t\t\t\t<\/div>\n\t\t\t\t<\/div>\n\t\t\t\t<div class=\"elementor-element elementor-element-9115b0a elementor-align-center elementor-widget elementor-widget-button\" data-id=\"9115b0a\" data-element_type=\"widget\" data-e-type=\"widget\" data-widget_type=\"button.default\">\n\t\t\t\t<div class=\"elementor-widget-container\">\n\t\t\t\t\t\t\t\t\t<div class=\"elementor-button-wrapper\">\n\t\t\t\t\t<a class=\"elementor-button elementor-button-link elementor-size-sm\" href=\"https:\/\/reyneblina.com\/?p=349\">\n\t\t\t\t\t\t<span class=\"elementor-button-content-wrapper\">\n\t\t\t\t\t\t\t\t\t<span class=\"elementor-button-text\">Leer m\u00e1s...<\/span>\n\t\t\t\t\t<\/span>\n\t\t\t\t\t<\/a>\n\t\t\t\t<\/div>\n\t\t\t\t\t\t\t\t<\/div>\n\t\t\t\t<\/div>\n\t\t\t\t<\/div>\n\t\t<div class=\"elementor-element elementor-element-51254a8 e-con-full e-flex e-con e-child\" data-id=\"51254a8\" data-element_type=\"container\" data-e-type=\"container\">\n\t\t\t\t<div class=\"elementor-element elementor-element-e4a3352 elementor-position-top elementor-invisible elementor-widget elementor-widget-image-box\" data-id=\"e4a3352\" data-element_type=\"widget\" data-e-type=\"widget\" data-settings=\"{&quot;_animation&quot;:&quot;fadeIn&quot;}\" data-widget_type=\"image-box.default\">\n\t\t\t\t<div class=\"elementor-widget-container\">\n\t\t\t\t\t<div class=\"elementor-image-box-wrapper\"><figure class=\"elementor-image-box-img\"><a href=\"https:\/\/reyneblina.com\/?p=384\" tabindex=\"-1\"><img decoding=\"async\" width=\"722\" height=\"1024\" src=\"https:\/\/reyneblina.com\/wp-content\/uploads\/2025\/04\/Comic-TEsorito_017-722x1024.png\" class=\"elementor-animation-grow attachment-large size-large wp-image-248\" alt=\"\" srcset=\"https:\/\/reyneblina.com\/wp-content\/uploads\/2025\/04\/Comic-TEsorito_017-722x1024.png 722w, https:\/\/reyneblina.com\/wp-content\/uploads\/2025\/04\/Comic-TEsorito_017-211x300.png 211w, https:\/\/reyneblina.com\/wp-content\/uploads\/2025\/04\/Comic-TEsorito_017-768x1090.png 768w, https:\/\/reyneblina.com\/wp-content\/uploads\/2025\/04\/Comic-TEsorito_017-1083x1536.png 1083w, https:\/\/reyneblina.com\/wp-content\/uploads\/2025\/04\/Comic-TEsorito_017-1444x2048.png 1444w, https:\/\/reyneblina.com\/wp-content\/uploads\/2025\/04\/Comic-TEsorito_017.png 1748w\" sizes=\"(max-width: 722px) 100vw, 722px\" \/><\/a><\/figure><div class=\"elementor-image-box-content\"><h1 class=\"elementor-image-box-title\"><a href=\"https:\/\/reyneblina.com\/?p=384\">Tesorito \/ Leandro Lince<\/a><\/h1><p class=\"elementor-image-box-description\">Una madre de familia acostumbrada a trucos y  jugarretas para asegurar la supervivencia de su familia, se enfrenta a una cacer\u00eda de tesoros macabra.<\/p><\/div><\/div>\t\t\t\t<\/div>\n\t\t\t\t<\/div>\n\t\t\t\t<div class=\"elementor-element elementor-element-94d81d2 elementor-align-center elementor-widget elementor-widget-button\" data-id=\"94d81d2\" data-element_type=\"widget\" data-e-type=\"widget\" data-widget_type=\"button.default\">\n\t\t\t\t<div class=\"elementor-widget-container\">\n\t\t\t\t\t\t\t\t\t<div class=\"elementor-button-wrapper\">\n\t\t\t\t\t<a class=\"elementor-button elementor-button-link elementor-size-sm\" href=\"https:\/\/reyneblina.com\/?p=384\">\n\t\t\t\t\t\t<span class=\"elementor-button-content-wrapper\">\n\t\t\t\t\t\t\t\t\t<span class=\"elementor-button-text\">Leer m\u00e1s...<\/span>\n\t\t\t\t\t<\/span>\n\t\t\t\t\t<\/a>\n\t\t\t\t<\/div>\n\t\t\t\t\t\t\t\t<\/div>\n\t\t\t\t<\/div>\n\t\t\t\t<\/div>\n\t\t<div class=\"elementor-element elementor-element-5e36392 e-con-full e-flex e-con e-child\" data-id=\"5e36392\" data-element_type=\"container\" data-e-type=\"container\">\n\t\t\t\t<div class=\"elementor-element elementor-element-324ec5d elementor-position-top elementor-invisible elementor-widget elementor-widget-image-box\" data-id=\"324ec5d\" data-element_type=\"widget\" data-e-type=\"widget\" data-settings=\"{&quot;_animation&quot;:&quot;fadeIn&quot;}\" data-widget_type=\"image-box.default\">\n\t\t\t\t<div class=\"elementor-widget-container\">\n\t\t\t\t\t<div class=\"elementor-image-box-wrapper\"><figure class=\"elementor-image-box-img\"><a href=\"https:\/\/reyneblina.com\/?p=411\" tabindex=\"-1\"><img loading=\"lazy\" decoding=\"async\" width=\"722\" height=\"1024\" src=\"https:\/\/reyneblina.com\/wp-content\/uploads\/2025\/04\/8-fullcolor-722x1024.jpg\" class=\"elementor-animation-grow attachment-large size-large wp-image-342\" alt=\"\" srcset=\"https:\/\/reyneblina.com\/wp-content\/uploads\/2025\/04\/8-fullcolor-722x1024.jpg 722w, https:\/\/reyneblina.com\/wp-content\/uploads\/2025\/04\/8-fullcolor-212x300.jpg 212w, https:\/\/reyneblina.com\/wp-content\/uploads\/2025\/04\/8-fullcolor-768x1089.jpg 768w, https:\/\/reyneblina.com\/wp-content\/uploads\/2025\/04\/8-fullcolor.jpg 839w\" sizes=\"(max-width: 722px) 100vw, 722px\" \/><\/a><\/figure><div class=\"elementor-image-box-content\"><h1 class=\"elementor-image-box-title\"><a href=\"https:\/\/reyneblina.com\/?p=411\">D\u00e9jame pensar \/ Shuni<\/a><\/h1><p class=\"elementor-image-box-description\">Una historieta sobre encuentros, momentos  de  cercan\u00eda, las decisiones que toman las personas, y como la gente a su alrededor sigue sus vidas a pesar y a prop\u00f3sito de esas decisiones.<\/p><\/div><\/div>\t\t\t\t<\/div>\n\t\t\t\t<\/div>\n\t\t\t\t<div class=\"elementor-element elementor-element-3dd4041 elementor-align-center elementor-widget elementor-widget-button\" data-id=\"3dd4041\" data-element_type=\"widget\" data-e-type=\"widget\" data-widget_type=\"button.default\">\n\t\t\t\t<div class=\"elementor-widget-container\">\n\t\t\t\t\t\t\t\t\t<div class=\"elementor-button-wrapper\">\n\t\t\t\t\t<a class=\"elementor-button elementor-button-link elementor-size-sm\" href=\"https:\/\/reyneblina.com\/?p=411\">\n\t\t\t\t\t\t<span class=\"elementor-button-content-wrapper\">\n\t\t\t\t\t\t\t\t\t<span class=\"elementor-button-text\">Leer m\u00e1s...<\/span>\n\t\t\t\t\t<\/span>\n\t\t\t\t\t<\/a>\n\t\t\t\t<\/div>\n\t\t\t\t\t\t\t\t<\/div>\n\t\t\t\t<\/div>\n\t\t\t\t<\/div>\n\t\t<div class=\"elementor-element elementor-element-05508a1 e-con-full e-flex e-con e-child\" data-id=\"05508a1\" data-element_type=\"container\" data-e-type=\"container\">\n\t\t\t\t<div class=\"elementor-element elementor-element-c63b338 elementor-position-top elementor-invisible elementor-widget elementor-widget-image-box\" data-id=\"c63b338\" data-element_type=\"widget\" data-e-type=\"widget\" data-settings=\"{&quot;_animation&quot;:&quot;fadeIn&quot;}\" data-widget_type=\"image-box.default\">\n\t\t\t\t<div class=\"elementor-widget-container\">\n\t\t\t\t\t<div class=\"elementor-image-box-wrapper\"><figure class=\"elementor-image-box-img\"><a href=\"https:\/\/reyneblina.com\/?p=442\" tabindex=\"-1\"><img loading=\"lazy\" decoding=\"async\" width=\"722\" height=\"1024\" src=\"https:\/\/reyneblina.com\/wp-content\/uploads\/2025\/04\/DiarioTomate_FullColor.6-722x1024.png\" class=\"elementor-animation-grow attachment-large size-large wp-image-340\" alt=\"\" srcset=\"https:\/\/reyneblina.com\/wp-content\/uploads\/2025\/04\/DiarioTomate_FullColor.6-722x1024.png 722w, https:\/\/reyneblina.com\/wp-content\/uploads\/2025\/04\/DiarioTomate_FullColor.6-211x300.png 211w, https:\/\/reyneblina.com\/wp-content\/uploads\/2025\/04\/DiarioTomate_FullColor.6-768x1090.png 768w, https:\/\/reyneblina.com\/wp-content\/uploads\/2025\/04\/DiarioTomate_FullColor.6-1083x1536.png 1083w, https:\/\/reyneblina.com\/wp-content\/uploads\/2025\/04\/DiarioTomate_FullColor.6-1444x2048.png 1444w, https:\/\/reyneblina.com\/wp-content\/uploads\/2025\/04\/DiarioTomate_FullColor.6.png 1748w\" sizes=\"(max-width: 722px) 100vw, 722px\" \/><\/a><\/figure><div class=\"elementor-image-box-content\"><h1 class=\"elementor-image-box-title\"><a href=\"https:\/\/reyneblina.com\/?p=442\">Diario de tomates \/ Ana Carolina Benalc\u00e1zar<\/a><\/h1><p class=\"elementor-image-box-description\">Un ensayo personal en formato de historieta sobre las plantas de tomate y las relaciones alrededor del proceso de cultivarlas.<\/p><\/div><\/div>\t\t\t\t<\/div>\n\t\t\t\t<\/div>\n\t\t\t\t<div class=\"elementor-element elementor-element-53ecb40 elementor-align-center elementor-widget elementor-widget-button\" data-id=\"53ecb40\" data-element_type=\"widget\" data-e-type=\"widget\" data-widget_type=\"button.default\">\n\t\t\t\t<div class=\"elementor-widget-container\">\n\t\t\t\t\t\t\t\t\t<div class=\"elementor-button-wrapper\">\n\t\t\t\t\t<a class=\"elementor-button elementor-button-link elementor-size-sm\" href=\"https:\/\/reyneblina.com\/?p=442\">\n\t\t\t\t\t\t<span class=\"elementor-button-content-wrapper\">\n\t\t\t\t\t\t\t\t\t<span class=\"elementor-button-text\">Leer m\u00e1s...<\/span>\n\t\t\t\t\t<\/span>\n\t\t\t\t\t<\/a>\n\t\t\t\t<\/div>\n\t\t\t\t\t\t\t\t<\/div>\n\t\t\t\t<\/div>\n\t\t\t\t<\/div>\n\t\t\t\t\t<\/div>\n\t\t\t\t<\/div>\n\t\t<div class=\"elementor-element elementor-element-bcc50a5 e-flex e-con-boxed e-con e-parent\" data-id=\"bcc50a5\" data-element_type=\"container\" data-e-type=\"container\">\n\t\t\t\t\t<div class=\"e-con-inner\">\n\t\t\t\t\t<\/div>\n\t\t\t\t<\/div>\n\t\t\t\t<\/div>\n\t\t","protected":false},"excerpt":{"rendered":"<p>Revista de historietas y ficci\u00f3n extra\u00f1a en espa\u00f1ol. Descarga Panto 2024 en pdf aqu\u00ed!\u00a0 Panto es una revista, tanto impresa como digital, dedicada a recopilar, difundir y preservar el trabajo de artistas locales con obra&nbsp; enfocada en la historieta de autor y la ficci\u00f3n de g\u00e9nero. En esta web puedes encontrar cuentos e historietas seleccionadas [&hellip;]<\/p>\n","protected":false},"author":1,"featured_media":0,"parent":0,"menu_order":0,"comment_status":"closed","ping_status":"closed","template":"","meta":{"_uag_custom_page_level_css":"","footnotes":""},"class_list":["post-249","page","type-page","status-publish","hentry"],"uagb_featured_image_src":{"full":false,"thumbnail":false,"medium":false,"medium_large":false,"large":false,"1536x1536":false,"2048x2048":false},"uagb_author_info":{"display_name":"admin","author_link":"https:\/\/reyneblina.com\/?author=1"},"uagb_comment_info":0,"uagb_excerpt":"Revista de historietas y ficci\u00f3n extra\u00f1a en espa\u00f1ol. Descarga Panto 2024 en pdf aqu\u00ed!\u00a0 Panto es una revista, tanto impresa como digital, dedicada a recopilar, difundir y preservar el trabajo de artistas locales con obra&nbsp; enfocada en la historieta de autor y la ficci\u00f3n de g\u00e9nero. En esta web puedes encontrar cuentos e historietas seleccionadas&hellip;","_links":{"self":[{"href":"https:\/\/reyneblina.com\/index.php?rest_route=\/wp\/v2\/pages\/249","targetHints":{"allow":["GET"]}}],"collection":[{"href":"https:\/\/reyneblina.com\/index.php?rest_route=\/wp\/v2\/pages"}],"about":[{"href":"https:\/\/reyneblina.com\/index.php?rest_route=\/wp\/v2\/types\/page"}],"author":[{"embeddable":true,"href":"https:\/\/reyneblina.com\/index.php?rest_route=\/wp\/v2\/users\/1"}],"replies":[{"embeddable":true,"href":"https:\/\/reyneblina.com\/index.php?rest_route=%2Fwp%2Fv2%2Fcomments&post=249"}],"version-history":[{"count":76,"href":"https:\/\/reyneblina.com\/index.php?rest_route=\/wp\/v2\/pages\/249\/revisions"}],"predecessor-version":[{"id":713,"href":"https:\/\/reyneblina.com\/index.php?rest_route=\/wp\/v2\/pages\/249\/revisions\/713"}],"wp:attachment":[{"href":"https:\/\/reyneblina.com\/index.php?rest_route=%2Fwp%2Fv2%2Fmedia&parent=249"}],"curies":[{"name":"wp","href":"https:\/\/api.w.org\/{rel}","templated":true}]}}