{"id":27,"date":"2025-04-16T00:26:10","date_gmt":"2025-04-15T22:26:10","guid":{"rendered":"http:\/\/reyneblina.com\/?page_id=27"},"modified":"2025-06-03T19:27:42","modified_gmt":"2025-06-03T17:27:42","slug":"quienes-somos-que-queremos","status":"publish","type":"page","link":"https:\/\/reyneblina.com\/?page_id=27","title":{"rendered":"Nosotrxs"},"content":{"rendered":"\t\t<div data-elementor-type=\"wp-page\" data-elementor-id=\"27\" class=\"elementor elementor-27\">\n\t\t\t\t<div class=\"elementor-element elementor-element-8a01ba4 e-flex e-con-boxed e-con e-parent\" data-id=\"8a01ba4\" data-element_type=\"container\" data-e-type=\"container\">\n\t\t\t\t\t<div class=\"e-con-inner\">\n\t\t<div class=\"elementor-element elementor-element-6935a91 e-con-full e-flex e-con e-child\" data-id=\"6935a91\" data-element_type=\"container\" data-e-type=\"container\">\n\t\t\t\t<div class=\"elementor-element elementor-element-28ca6d7 elementor-widget elementor-widget-image\" data-id=\"28ca6d7\" data-element_type=\"widget\" data-e-type=\"widget\" data-widget_type=\"image.default\">\n\t\t\t\t<div class=\"elementor-widget-container\">\n\t\t\t\t\t\t\t\t\t\t\t\t\t\t\t<img fetchpriority=\"high\" decoding=\"async\" width=\"300\" height=\"300\" src=\"https:\/\/reyneblina.com\/wp-content\/uploads\/2025\/04\/cropped-LogoReyNeblina2023-07-300x300.png\" class=\"attachment-medium size-medium wp-image-15\" alt=\"\" srcset=\"https:\/\/reyneblina.com\/wp-content\/uploads\/2025\/04\/cropped-LogoReyNeblina2023-07-300x300.png 300w, https:\/\/reyneblina.com\/wp-content\/uploads\/2025\/04\/cropped-LogoReyNeblina2023-07-150x150.png 150w, https:\/\/reyneblina.com\/wp-content\/uploads\/2025\/04\/cropped-LogoReyNeblina2023-07-270x270.png 270w, https:\/\/reyneblina.com\/wp-content\/uploads\/2025\/04\/cropped-LogoReyNeblina2023-07-192x192.png 192w, https:\/\/reyneblina.com\/wp-content\/uploads\/2025\/04\/cropped-LogoReyNeblina2023-07-180x180.png 180w, https:\/\/reyneblina.com\/wp-content\/uploads\/2025\/04\/cropped-LogoReyNeblina2023-07-32x32.png 32w, https:\/\/reyneblina.com\/wp-content\/uploads\/2025\/04\/cropped-LogoReyNeblina2023-07.png 512w\" sizes=\"(max-width: 300px) 100vw, 300px\" \/>\t\t\t\t\t\t\t\t\t\t\t\t\t\t\t<\/div>\n\t\t\t\t<\/div>\n\t\t\t\t<\/div>\n\t\t<div class=\"elementor-element elementor-element-9d5c8d9 e-con-full e-flex e-con e-child\" data-id=\"9d5c8d9\" data-element_type=\"container\" data-e-type=\"container\">\n\t\t\t\t<div class=\"elementor-element elementor-element-53de9b7 elementor-widget elementor-widget-text-editor\" data-id=\"53de9b7\" data-element_type=\"widget\" data-e-type=\"widget\" data-widget_type=\"text-editor.default\">\n\t\t\t\t<div class=\"elementor-widget-container\">\n\t\t\t\t\t\t\t\t\t<p><strong data-start=\"145\" data-end=\"160\">Rey Neblina<\/strong> es una peque\u00f1a editorial con sede en Ecuador, enfocada en proyectos y experimentos que habitan en la frontera entre la narrativa y la\u00a0gr\u00e1fica.\u00a0Nos concebimos como un espacio de difusi\u00f3n y un hogar para libros y publicaciones que dif\u00edcilmente encontrar\u00edan casa\u00a0en otro\u00a0sitio. Entendemos la labor editorial como un punto de encuentro, donde se tejen redes entre autorxs y lectorxs. Y vemos a nuestras\u00a0publicaciones como\u00a0el hilo con el que se construye ese tejido, a partir de la ficci\u00f3n,\u00a0el dibujo, y las ganas de contar cosas.<\/p>\t\t\t\t\t\t\t\t<\/div>\n\t\t\t\t<\/div>\n\t\t\t\t<\/div>\n\t\t\t\t\t<\/div>\n\t\t\t\t<\/div>\n\t\t<div class=\"elementor-element elementor-element-456983a e-flex e-con-boxed e-con e-parent\" data-id=\"456983a\" data-element_type=\"container\" data-e-type=\"container\">\n\t\t\t\t\t<div class=\"e-con-inner\">\n\t\t\t\t<div class=\"elementor-element elementor-element-8e8d33f elementor-widget elementor-widget-heading\" data-id=\"8e8d33f\" data-element_type=\"widget\" data-e-type=\"widget\" data-widget_type=\"heading.default\">\n\t\t\t\t<div class=\"elementor-widget-container\">\n\t\t\t\t\t<h2 class=\"elementor-heading-title elementor-size-default\">Nosotrxs<\/h2>\t\t\t\t<\/div>\n\t\t\t\t<\/div>\n\t\t\t\t\t<\/div>\n\t\t\t\t<\/div>\n\t\t<div class=\"elementor-element elementor-element-493c9f9 e-flex e-con-boxed e-con e-parent\" data-id=\"493c9f9\" data-element_type=\"container\" data-e-type=\"container\">\n\t\t\t\t\t<div class=\"e-con-inner\">\n\t\t<div class=\"elementor-element elementor-element-4376335 e-con-full e-flex e-con e-child\" data-id=\"4376335\" data-element_type=\"container\" data-e-type=\"container\">\n\t\t\t\t<div class=\"elementor-element elementor-element-23af2f4 elementor-widget elementor-widget-text-editor\" data-id=\"23af2f4\" data-element_type=\"widget\" data-e-type=\"widget\" data-widget_type=\"text-editor.default\">\n\t\t\t\t<div class=\"elementor-widget-container\">\n\t\t\t\t\t\t\t\t\t<p><b><span style=\"color: #222222; font-family: Arial, Helvetica, sans-serif; font-size: small;\">Leandro Lince<\/span><\/b><\/p>\n<p><span style=\"color: #222222; font-family: Arial, Helvetica, sans-serif; font-size: small;\">Artista visual, educador, editor y creador de c\u00f3mics originario de Quito. Su pr\u00e1ctica art\u00edstica se enfoca en la reproducci\u00f3n de im\u00e1genes mediante t\u00e9cnicas an\u00e1logas, como la xilograf\u00eda y el linograbado; mientras que su trabajo narrativo abarca la creaci\u00f3n de c\u00f3mics y &nbsp;la escritura de cuentos de ciencia ficci\u00f3n. Se enfoca en la autopublicaci\u00f3n y la experimentaci\u00f3n editorial. Actualmente, combina su pasi\u00f3n por contar historias&nbsp; para guiar procesos editoriales y educativos.<\/span><\/p>\t\t\t\t\t\t\t\t<\/div>\n\t\t\t\t<\/div>\n\t\t\t\t<\/div>\n\t\t<div class=\"elementor-element elementor-element-a316c9c e-con-full e-flex e-con e-child\" data-id=\"a316c9c\" data-element_type=\"container\" data-e-type=\"container\">\n\t\t\t\t<div class=\"elementor-element elementor-element-569070f elementor-widget elementor-widget-image\" data-id=\"569070f\" data-element_type=\"widget\" data-e-type=\"widget\" data-widget_type=\"image.default\">\n\t\t\t\t<div class=\"elementor-widget-container\">\n\t\t\t\t\t\t\t\t\t\t\t\t\t\t\t<img decoding=\"async\" width=\"800\" height=\"802\" src=\"https:\/\/reyneblina.com\/wp-content\/uploads\/2025\/05\/file-1022x1024.png\" class=\"attachment-large size-large wp-image-489\" alt=\"\" srcset=\"https:\/\/reyneblina.com\/wp-content\/uploads\/2025\/05\/file-1022x1024.png 1022w, https:\/\/reyneblina.com\/wp-content\/uploads\/2025\/05\/file-300x300.png 300w, https:\/\/reyneblina.com\/wp-content\/uploads\/2025\/05\/file-150x150.png 150w, https:\/\/reyneblina.com\/wp-content\/uploads\/2025\/05\/file-768x769.png 768w, https:\/\/reyneblina.com\/wp-content\/uploads\/2025\/05\/file-1534x1536.png 1534w, https:\/\/reyneblina.com\/wp-content\/uploads\/2025\/05\/file-2045x2048.png 2045w\" sizes=\"(max-width: 800px) 100vw, 800px\" \/>\t\t\t\t\t\t\t\t\t\t\t\t\t\t\t<\/div>\n\t\t\t\t<\/div>\n\t\t\t\t<\/div>\n\t\t\t\t\t<\/div>\n\t\t\t\t<\/div>\n\t\t<div class=\"elementor-element elementor-element-4a09698 e-flex e-con-boxed e-con e-parent\" data-id=\"4a09698\" data-element_type=\"container\" data-e-type=\"container\">\n\t\t\t\t\t<div class=\"e-con-inner\">\n\t\t<div class=\"elementor-element elementor-element-31686f7 e-con-full e-flex e-con e-child\" data-id=\"31686f7\" data-element_type=\"container\" data-e-type=\"container\">\n\t\t\t\t<div class=\"elementor-element elementor-element-82410c5 elementor-widget elementor-widget-image\" data-id=\"82410c5\" data-element_type=\"widget\" data-e-type=\"widget\" data-widget_type=\"image.default\">\n\t\t\t\t<div class=\"elementor-widget-container\">\n\t\t\t\t\t\t\t\t\t\t\t\t\t\t\t<img decoding=\"async\" width=\"800\" height=\"802\" src=\"https:\/\/reyneblina.com\/wp-content\/uploads\/2025\/05\/file2-1022x1024.png\" class=\"attachment-large size-large wp-image-490\" alt=\"\" srcset=\"https:\/\/reyneblina.com\/wp-content\/uploads\/2025\/05\/file2-1022x1024.png 1022w, https:\/\/reyneblina.com\/wp-content\/uploads\/2025\/05\/file2-300x300.png 300w, https:\/\/reyneblina.com\/wp-content\/uploads\/2025\/05\/file2-150x150.png 150w, https:\/\/reyneblina.com\/wp-content\/uploads\/2025\/05\/file2-768x769.png 768w, https:\/\/reyneblina.com\/wp-content\/uploads\/2025\/05\/file2-1534x1536.png 1534w, https:\/\/reyneblina.com\/wp-content\/uploads\/2025\/05\/file2-2045x2048.png 2045w\" sizes=\"(max-width: 800px) 100vw, 800px\" \/>\t\t\t\t\t\t\t\t\t\t\t\t\t\t\t<\/div>\n\t\t\t\t<\/div>\n\t\t\t\t<\/div>\n\t\t<div class=\"elementor-element elementor-element-fc5c4f3 e-con-full e-flex e-con e-child\" data-id=\"fc5c4f3\" data-element_type=\"container\" data-e-type=\"container\">\n\t\t\t\t<div class=\"elementor-element elementor-element-9a2f97b elementor-widget elementor-widget-text-editor\" data-id=\"9a2f97b\" data-element_type=\"widget\" data-e-type=\"widget\" data-widget_type=\"text-editor.default\">\n\t\t\t\t<div class=\"elementor-widget-container\">\n\t\t\t\t\t\t\t\t\t<p><span style=\"color: #222222; font-family: Arial, Helvetica, sans-serif; font-size: small;\"><b>Carolina Acosta<\/b><\/span><\/p><p><span style=\"color: #222222; font-family: Arial, Helvetica, sans-serif; font-size: small;\">Artista visual y editora cuya producci\u00f3n se centra en el empleo de t\u00e9cnicas como ilustraci\u00f3n, pintura,<\/span><span style=\"color: #222222; font-family: Arial, Helvetica, sans-serif; font-size: small;\">escultura e instalaci\u00f3n en proyectos de investigaci\u00f3n-creaci\u00f3n que abordan tem\u00e1ticas cr\u00edticas\u00a0<\/span><span style=\"color: #222222; font-family: Arial, Helvetica, sans-serif; font-size: small;\">hacia lo violento y lo traum\u00e1tico tanto el campo de lo sociopol\u00edtico como de lo intrapersonal a<\/span><span style=\"color: #222222; font-family: Arial, Helvetica, sans-serif; font-size: small;\">trav\u00e9s de analog\u00edas po\u00e9ticas con el cuerpo y lo visceral. Es integrante del colectivo editorial Rey\u00a0<\/span><span style=\"color: #222222; font-family: Arial, Helvetica, sans-serif; font-size: small;\">Neblina, con el que desarrolla proyectos de producci\u00f3n y difusi\u00f3n de narrativa gr\u00e1fica. Su\u00a0<\/span><span style=\"color: #222222; font-family: Arial, Helvetica, sans-serif; font-size: small;\">pr\u00e1ctica art\u00edstica mantiene un inter\u00e9s particular por el arte urbano.<\/span><\/p>\t\t\t\t\t\t\t\t<\/div>\n\t\t\t\t<\/div>\n\t\t\t\t<\/div>\n\t\t\t\t\t<\/div>\n\t\t\t\t<\/div>\n\t\t<div class=\"elementor-element elementor-element-91794ab e-flex e-con-boxed e-con e-parent\" data-id=\"91794ab\" data-element_type=\"container\" data-e-type=\"container\">\n\t\t\t\t\t<div class=\"e-con-inner\">\n\t\t<div class=\"elementor-element elementor-element-73fbc5b e-con-full e-flex e-con e-child\" data-id=\"73fbc5b\" data-element_type=\"container\" data-e-type=\"container\">\n\t\t\t\t<div class=\"elementor-element elementor-element-a48e998 elementor-widget elementor-widget-text-editor\" data-id=\"a48e998\" data-element_type=\"widget\" data-e-type=\"widget\" data-widget_type=\"text-editor.default\">\n\t\t\t\t<div class=\"elementor-widget-container\">\n\t\t\t\t\t\t\t\t\t<p><span style=\"color: #222222; font-family: Arial, Helvetica, sans-serif; font-size: small;\"><b>Mat\u00edas P\u00e1ez\u00a0<\/b><\/span><\/p><p><span style=\"color: #222222; font-family: Arial, Helvetica, sans-serif; font-size: small;\">Artista visual, editor , dise\u00f1ador e historietista.Su trabajo explora las posibilidades narrativas del dibujo, la historieta y las artes gr\u00e1ficas, a menudo desde la autogesti\u00f3n y la edici\u00f3n independiente. Es parte del colectivo editorial Rey Neblina, con el que ha desarrollado publicaciones, fanzines e historietas que cruzan literatura, gr\u00e1fica expandida y cr\u00edtica cultural. Ha participado en encuentros y festivales de edici\u00f3n independiente en varios pa\u00edses de Latinoam\u00e9rica y Espa\u00f1a, donde ha compartido su trabajo como autor, editor y creador de universos visuales.<\/span><span style=\"color: #222222; font-family: Arial, Helvetica, sans-serif; font-size: small;\">.<\/span><\/p>\t\t\t\t\t\t\t\t<\/div>\n\t\t\t\t<\/div>\n\t\t\t\t<\/div>\n\t\t<div class=\"elementor-element elementor-element-95f1ae4 e-con-full e-flex e-con e-child\" data-id=\"95f1ae4\" data-element_type=\"container\" data-e-type=\"container\">\n\t\t\t\t<div class=\"elementor-element elementor-element-f37d5d4 elementor-widget elementor-widget-image\" data-id=\"f37d5d4\" data-element_type=\"widget\" data-e-type=\"widget\" data-widget_type=\"image.default\">\n\t\t\t\t<div class=\"elementor-widget-container\">\n\t\t\t\t\t\t\t\t\t\t\t\t\t\t\t<img loading=\"lazy\" decoding=\"async\" width=\"800\" height=\"802\" src=\"https:\/\/reyneblina.com\/wp-content\/uploads\/2025\/05\/file3-1022x1024.png\" class=\"attachment-large size-large wp-image-491\" alt=\"\" srcset=\"https:\/\/reyneblina.com\/wp-content\/uploads\/2025\/05\/file3-1022x1024.png 1022w, https:\/\/reyneblina.com\/wp-content\/uploads\/2025\/05\/file3-300x300.png 300w, https:\/\/reyneblina.com\/wp-content\/uploads\/2025\/05\/file3-150x150.png 150w, https:\/\/reyneblina.com\/wp-content\/uploads\/2025\/05\/file3-768x769.png 768w, https:\/\/reyneblina.com\/wp-content\/uploads\/2025\/05\/file3-1534x1536.png 1534w, https:\/\/reyneblina.com\/wp-content\/uploads\/2025\/05\/file3-2045x2048.png 2045w\" sizes=\"(max-width: 800px) 100vw, 800px\" \/>\t\t\t\t\t\t\t\t\t\t\t\t\t\t\t<\/div>\n\t\t\t\t<\/div>\n\t\t\t\t<\/div>\n\t\t\t\t\t<\/div>\n\t\t\t\t<\/div>\n\t\t<div class=\"elementor-element elementor-element-9d27bc2 e-flex e-con-boxed e-con e-parent\" data-id=\"9d27bc2\" data-element_type=\"container\" data-e-type=\"container\">\n\t\t\t\t\t<div class=\"e-con-inner\">\n\t\t<div class=\"elementor-element elementor-element-de4137a e-con-full e-flex e-con e-child\" data-id=\"de4137a\" data-element_type=\"container\" data-e-type=\"container\">\n\t\t\t\t<div class=\"elementor-element elementor-element-78c523d elementor-widget elementor-widget-image\" data-id=\"78c523d\" data-element_type=\"widget\" data-e-type=\"widget\" data-widget_type=\"image.default\">\n\t\t\t\t<div class=\"elementor-widget-container\">\n\t\t\t\t\t\t\t\t\t\t\t\t\t\t\t<img loading=\"lazy\" decoding=\"async\" width=\"800\" height=\"802\" src=\"https:\/\/reyneblina.com\/wp-content\/uploads\/2025\/05\/file4-1022x1024.png\" class=\"attachment-large size-large wp-image-492\" alt=\"\" srcset=\"https:\/\/reyneblina.com\/wp-content\/uploads\/2025\/05\/file4-1022x1024.png 1022w, https:\/\/reyneblina.com\/wp-content\/uploads\/2025\/05\/file4-300x300.png 300w, https:\/\/reyneblina.com\/wp-content\/uploads\/2025\/05\/file4-150x150.png 150w, https:\/\/reyneblina.com\/wp-content\/uploads\/2025\/05\/file4-768x769.png 768w, https:\/\/reyneblina.com\/wp-content\/uploads\/2025\/05\/file4-1534x1536.png 1534w, https:\/\/reyneblina.com\/wp-content\/uploads\/2025\/05\/file4-2045x2048.png 2045w\" sizes=\"(max-width: 800px) 100vw, 800px\" \/>\t\t\t\t\t\t\t\t\t\t\t\t\t\t\t<\/div>\n\t\t\t\t<\/div>\n\t\t\t\t<\/div>\n\t\t<div class=\"elementor-element elementor-element-d2fdc53 e-con-full e-flex e-con e-child\" data-id=\"d2fdc53\" data-element_type=\"container\" data-e-type=\"container\">\n\t\t\t\t<div class=\"elementor-element elementor-element-653f38d elementor-widget elementor-widget-text-editor\" data-id=\"653f38d\" data-element_type=\"widget\" data-e-type=\"widget\" data-widget_type=\"text-editor.default\">\n\t\t\t\t<div class=\"elementor-widget-container\">\n\t\t\t\t\t\t\t\t\t<p><span style=\"color: #222222; font-family: Arial, Helvetica, sans-serif; font-size: small;\"><b>Esteban V\u00e1squez<\/b><\/span><\/p>\t\t\t\t\t\t\t\t<\/div>\n\t\t\t\t<\/div>\n\t\t\t\t<div class=\"elementor-element elementor-element-4c1b65f elementor-widget elementor-widget-text-editor\" data-id=\"4c1b65f\" data-element_type=\"widget\" data-e-type=\"widget\" data-widget_type=\"text-editor.default\">\n\t\t\t\t<div class=\"elementor-widget-container\">\n\t\t\t\t\t\t\t\t\t<p>Artista visual dedicado a la producci\u00f3n audiovisual. Desde temprana edad la fotograf\u00eda y la m\u00fasica marcaron su trayectoria art\u00edstica.<\/p><p>El centralazo y Ted ex son solo algunos de los proyectos que ha participado como productor audiovisual. Basado en su experiencia como comunicador en el campo audiovisual, su labor en este momento est\u00e1 enfocada en impulsar proyectos, espacios culturales y artistas.<\/p>\t\t\t\t\t\t\t\t<\/div>\n\t\t\t\t<\/div>\n\t\t\t\t<\/div>\n\t\t\t\t\t<\/div>\n\t\t\t\t<\/div>\n\t\t\t\t<\/div>\n\t\t","protected":false},"excerpt":{"rendered":"<p>Rey Neblina es una peque\u00f1a editorial con sede en Ecuador, enfocada en proyectos y experimentos que habitan en la frontera entre la narrativa y la\u00a0gr\u00e1fica.\u00a0Nos concebimos como un espacio de difusi\u00f3n y un hogar para libros y publicaciones que dif\u00edcilmente encontrar\u00edan casa\u00a0en otro\u00a0sitio. Entendemos la labor editorial como un punto de encuentro, donde se tejen [&hellip;]<\/p>\n","protected":false},"author":1,"featured_media":0,"parent":0,"menu_order":0,"comment_status":"closed","ping_status":"closed","template":"","meta":{"_uag_custom_page_level_css":"","footnotes":""},"class_list":["post-27","page","type-page","status-publish","hentry"],"uagb_featured_image_src":{"full":false,"thumbnail":false,"medium":false,"medium_large":false,"large":false,"1536x1536":false,"2048x2048":false},"uagb_author_info":{"display_name":"admin","author_link":"https:\/\/reyneblina.com\/?author=1"},"uagb_comment_info":0,"uagb_excerpt":"Rey Neblina es una peque\u00f1a editorial con sede en Ecuador, enfocada en proyectos y experimentos que habitan en la frontera entre la narrativa y la\u00a0gr\u00e1fica.\u00a0Nos concebimos como un espacio de difusi\u00f3n y un hogar para libros y publicaciones que dif\u00edcilmente encontrar\u00edan casa\u00a0en otro\u00a0sitio. Entendemos la labor editorial como un punto de encuentro, donde se tejen&hellip;","_links":{"self":[{"href":"https:\/\/reyneblina.com\/index.php?rest_route=\/wp\/v2\/pages\/27","targetHints":{"allow":["GET"]}}],"collection":[{"href":"https:\/\/reyneblina.com\/index.php?rest_route=\/wp\/v2\/pages"}],"about":[{"href":"https:\/\/reyneblina.com\/index.php?rest_route=\/wp\/v2\/types\/page"}],"author":[{"embeddable":true,"href":"https:\/\/reyneblina.com\/index.php?rest_route=\/wp\/v2\/users\/1"}],"replies":[{"embeddable":true,"href":"https:\/\/reyneblina.com\/index.php?rest_route=%2Fwp%2Fv2%2Fcomments&post=27"}],"version-history":[{"count":43,"href":"https:\/\/reyneblina.com\/index.php?rest_route=\/wp\/v2\/pages\/27\/revisions"}],"predecessor-version":[{"id":669,"href":"https:\/\/reyneblina.com\/index.php?rest_route=\/wp\/v2\/pages\/27\/revisions\/669"}],"wp:attachment":[{"href":"https:\/\/reyneblina.com\/index.php?rest_route=%2Fwp%2Fv2%2Fmedia&parent=27"}],"curies":[{"name":"wp","href":"https:\/\/api.w.org\/{rel}","templated":true}]}}